{"id":41,"date":"2021-03-21T16:18:13","date_gmt":"2021-03-21T16:18:13","guid":{"rendered":"https:\/\/bcaconsulting.org\/index.php\/qui-sommes-nous\/"},"modified":"2023-12-06T11:18:42","modified_gmt":"2023-12-06T11:18:42","slug":"qui-sommes-nous","status":"publish","type":"page","link":"https:\/\/bcaconsulting.org\/index.php\/qui-sommes-nous\/","title":{"rendered":"Qui sommes-nous"},"content":{"rendered":"\t\t<div data-elementor-type=\"wp-page\" data-elementor-id=\"41\" class=\"elementor elementor-41\">\n\t\t\t\t\t\t<section class=\"elementor-section elementor-top-section elementor-element elementor-element-80bb8e2 elementor-section-boxed elementor-section-height-default elementor-section-height-default\" data-id=\"80bb8e2\" data-element_type=\"section\" data-settings=\"{&quot;background_background&quot;:&quot;classic&quot;}\">\n\t\t\t\t\t\t<div class=\"elementor-container elementor-column-gap-default\">\n\t\t\t\t\t<div class=\"elementor-column elementor-col-100 elementor-top-column elementor-element elementor-element-02c8e72\" data-id=\"02c8e72\" data-element_type=\"column\">\n\t\t\t<div class=\"elementor-widget-wrap elementor-element-populated\">\n\t\t\t\t\t\t<div class=\"elementor-element elementor-element-203871c7 elementor-invisible elementor-widget elementor-widget-heading\" data-id=\"203871c7\" data-element_type=\"widget\" data-settings=\"{&quot;_animation&quot;:&quot;fadeInUp&quot;}\" data-widget_type=\"heading.default\">\n\t\t\t\t<div class=\"elementor-widget-container\">\n\t\t\t<style>\/*! elementor - v3.21.0 - 26-05-2024 *\/\n.elementor-heading-title{padding:0;margin:0;line-height:1}.elementor-widget-heading .elementor-heading-title[class*=elementor-size-]>a{color:inherit;font-size:inherit;line-height:inherit}.elementor-widget-heading .elementor-heading-title.elementor-size-small{font-size:15px}.elementor-widget-heading .elementor-heading-title.elementor-size-medium{font-size:19px}.elementor-widget-heading .elementor-heading-title.elementor-size-large{font-size:29px}.elementor-widget-heading .elementor-heading-title.elementor-size-xl{font-size:39px}.elementor-widget-heading .elementor-heading-title.elementor-size-xxl{font-size:59px}<\/style><h4 class=\"elementor-heading-title elementor-size-default\">\u00c0 PROPOS DE BCA CONSULTING<\/h4>\t\t<\/div>\n\t\t\t\t<\/div>\n\t\t\t\t\t<\/div>\n\t\t<\/div>\n\t\t\t\t\t<\/div>\n\t\t<\/section>\n\t\t\t\t<section class=\"elementor-section elementor-top-section elementor-element elementor-element-7711934d elementor-reverse-tablet elementor-section-full_width elementor-section-height-default elementor-section-height-default\" data-id=\"7711934d\" data-element_type=\"section\" data-settings=\"{&quot;background_background&quot;:&quot;classic&quot;}\">\n\t\t\t\t\t\t<div class=\"elementor-container elementor-column-gap-no\">\n\t\t\t\t\t<div class=\"elementor-column elementor-col-100 elementor-top-column elementor-element elementor-element-140603a2\" data-id=\"140603a2\" data-element_type=\"column\" data-settings=\"{&quot;background_background&quot;:&quot;classic&quot;}\">\n\t\t\t<div class=\"elementor-widget-wrap elementor-element-populated\">\n\t\t\t\t\t\t<div class=\"elementor-element elementor-element-72d4ca9d elementor-widget elementor-widget-text-editor\" data-id=\"72d4ca9d\" data-element_type=\"widget\" data-widget_type=\"text-editor.default\">\n\t\t\t\t<div class=\"elementor-widget-container\">\n\t\t\t<style>\/*! elementor - v3.21.0 - 26-05-2024 *\/\n.elementor-widget-text-editor.elementor-drop-cap-view-stacked .elementor-drop-cap{background-color:#69727d;color:#fff}.elementor-widget-text-editor.elementor-drop-cap-view-framed .elementor-drop-cap{color:#69727d;border:3px solid;background-color:transparent}.elementor-widget-text-editor:not(.elementor-drop-cap-view-default) .elementor-drop-cap{margin-top:8px}.elementor-widget-text-editor:not(.elementor-drop-cap-view-default) .elementor-drop-cap-letter{width:1em;height:1em}.elementor-widget-text-editor .elementor-drop-cap{float:left;text-align:center;line-height:1;font-size:50px}.elementor-widget-text-editor .elementor-drop-cap-letter{display:inline-block}<\/style>\t\t\t\t<p><strong>BCA CONSULTING<\/strong>, est une organisation de\u00a0 taille humaine, une structure qui regroupe des femmes et des hommes entrepreneur(e)s. Nous sommes sp\u00e9cialis\u00e9s dans la construction, la conception, l'implantation et le d\u00e9veloppement des affaires et des entreprises, au niveau local et international, ainsi que dans le conseil, la recherche et le d\u00e9veloppement, l'innovation dans un large \u00e9ventail d'activit\u00e9s, notamment dans le domaine du business et de l'informatique.\u00a0 Avec pour devise et slogan : Building Africa in Inovative Technology Consulting for Business, nous construisons l'Afrique, de demain, avec des id\u00e9es et une longueur d'avance, Notre sp\u00e9cialit\u00e9, Cr\u00e9do et Slogan<\/p><p>Nous proc\u00e9dons par opportunit\u00e9s d'affaires du march\u00e9 quand elles se pr\u00e9sentent et par \u00e9tapes. Nous recrutons, composons et cr\u00e9ons une \u00e9quipe disponible et ouverte d\u2019esprit, pour g\u00e9rer ensemble les demandes,\u00a0 les projets et \u00a0missions. Nous n\u2019avons pas et ne disposons pas de bureaux fixes, sp\u00e9cifiques ou locaux sp\u00e9ciaux,. Pour limiter les co\u00fbts de charges locatives fixes souvent tr\u00e8s co\u00fbteux et on\u00e9reux<\/p><p>Nous faisons dans la mobilit\u00e9 en pr\u00e9sentiel. ou\u00a0<span style=\"font-style: inherit; font-weight: inherit;\">\u00e0 distance par bureaux virtuels, avec la panoplie d\u2019outils GAFA\u00a0 5.0 (Visio conf\u00e9rences SKYPE, SKYPE, et plus r\u00e9cemment ZOOM). Nous nous adaptons \u00e0 toutes les situations et tous les sc\u00e9narios possibles et imaginables. Comme dans le cas actuel selon les nouvelles exigences du contexte de la pand\u00e9mie et crise sanitaire du COVID. Si n\u00e9cessaire en pr\u00e9sentiel, nous travaillons \u00e0 domicile , ou sur\u00a0 sites chez nos clients.<\/span><\/p><p>Nous sommes une structure flexible qui vit quand nous recevons des affaires et des projets sp\u00e9cifiques, qui doit g\u00e9rer et remettre en question le renouvellement des contrats et des missions, dans un mouvement d'ensemble et une am\u00e9lioration perp\u00e9tuelle et continue de bonnes pratiques. Nous n'avons pas de subvention, seulement des adh\u00e9sions et des partages de partenariats. Nous travaillons\u00a0 aussi sp\u00e9cifiquement en tant que b\u00e9n\u00e9vole pour de nombreux projets de d\u00e9veloppement personnels ou collectifs en Afrique.<\/p><p>Notre mod\u00e8le d'entreprise et notre mod\u00e8le \u00e9conomique se concentrent et placent au-del\u00e0 des ambitions \u00e9gocentriques et personnelles, l'\u00eatre humain au c\u0153ur et au centre de TOUT. Nos concepts et valeurs sont align\u00e9s et en accord avec la pand\u00e9mie sanitaire mondiale actuelle \u00e0 laquelle nous sommes tous confront\u00e9s.<\/p><p>Cette catastrophe \u00e0 voir de tr\u00e8s pr\u00e8s d\u00e9montre que la vie sans la sant\u00e9 n'est rien, et montre qu'elle est la chose la plus pr\u00e9cieuse au monde.\u00a0 Nous devons la sauver, nous devons la rendre plus s\u00fbre, pour nous tous.<\/p><p>Il suffit de r\u00e9p\u00e9ter encore et encore que nous pla\u00e7ons l'\u00eatre humain au centre de tout. C'est le c\u0153ur, le foyer de notre entreprise pour une vie meilleure.<\/p>\t\t\t\t\t\t<\/div>\n\t\t\t\t<\/div>\n\t\t\t\t\t<\/div>\n\t\t<\/div>\n\t\t\t\t\t<\/div>\n\t\t<\/section>\n\t\t\t\t<\/div>\n\t\t","protected":false},"excerpt":{"rendered":"<p>\u00c0 PROPOS DE BCA CONSULTING BCA CONSULTING, est une organisation de\u00a0 taille humaine, une structure qui regroupe des femmes et des hommes entrepreneur(e)s. Nous sommes sp\u00e9cialis\u00e9s dans la construction, la conception, l'implantation et le d\u00e9veloppement des affaires et des entreprises, au niveau local et international, ainsi que dans le conseil, la recherche et le d\u00e9veloppement, [&hellip;]<\/p>\n","protected":false},"author":2,"featured_media":0,"parent":0,"menu_order":0,"comment_status":"closed","ping_status":"closed","template":"","meta":{"om_disable_all_campaigns":false,"_monsterinsights_skip_tracking":false,"_monsterinsights_sitenote_active":false,"_monsterinsights_sitenote_note":"","_monsterinsights_sitenote_category":0,"site-sidebar-layout":"no-sidebar","site-content-layout":"page-builder","ast-site-content-layout":"","site-content-style":"default","site-sidebar-style":"default","ast-global-header-display":"","ast-banner-title-visibility":"","ast-main-header-display":"","ast-hfb-above-header-display":"","ast-hfb-below-header-display":"","ast-hfb-mobile-header-display":"","site-post-title":"disabled","ast-breadcrumbs-content":"","ast-featured-img":"disabled","footer-sml-layout":"","theme-transparent-header-meta":"default","adv-header-id-meta":"","stick-header-meta":"","header-above-stick-meta":"","header-main-stick-meta":"","header-below-stick-meta":"","astra-migrate-meta-layouts":"default","ast-page-background-enabled":"default","ast-page-background-meta":{"desktop":{"background-color":"","background-image":"","background-repeat":"repeat","background-position":"center center","background-size":"auto","background-attachment":"scroll","background-type":"","background-media":"","overlay-type":"","overlay-color":"","overlay-opacity":"","overlay-gradient":""},"tablet":{"background-color":"","background-image":"","background-repeat":"repeat","background-position":"center center","background-size":"auto","background-attachment":"scroll","background-type":"","background-media":"","overlay-type":"","overlay-color":"","overlay-opacity":"","overlay-gradient":""},"mobile":{"background-color":"","background-image":"","background-repeat":"repeat","background-position":"center center","background-size":"auto","background-attachment":"scroll","background-type":"","background-media":"","overlay-type":"","overlay-color":"","overlay-opacity":"","overlay-gradient":""}},"ast-content-background-meta":{"desktop":{"background-color":"var(--ast-global-color-5)","background-image":"","background-repeat":"repeat","background-position":"center center","background-size":"auto","background-attachment":"scroll","background-type":"","background-media":"","overlay-type":"","overlay-color":"","overlay-opacity":"","overlay-gradient":""},"tablet":{"background-color":"var(--ast-global-color-5)","background-image":"","background-repeat":"repeat","background-position":"center center","background-size":"auto","background-attachment":"scroll","background-type":"","background-media":"","overlay-type":"","overlay-color":"","overlay-opacity":"","overlay-gradient":""},"mobile":{"background-color":"var(--ast-global-color-5)","background-image":"","background-repeat":"repeat","background-position":"center center","background-size":"auto","background-attachment":"scroll","background-type":"","background-media":"","overlay-type":"","overlay-color":"","overlay-opacity":"","overlay-gradient":""}},"_joinchat":[],"footnotes":""},"class_list":["post-41","page","type-page","status-publish","hentry"],"aioseo_notices":[],"_links":{"self":[{"href":"https:\/\/bcaconsulting.org\/index.php\/wp-json\/wp\/v2\/pages\/41","targetHints":{"allow":["GET"]}}],"collection":[{"href":"https:\/\/bcaconsulting.org\/index.php\/wp-json\/wp\/v2\/pages"}],"about":[{"href":"https:\/\/bcaconsulting.org\/index.php\/wp-json\/wp\/v2\/types\/page"}],"author":[{"embeddable":true,"href":"https:\/\/bcaconsulting.org\/index.php\/wp-json\/wp\/v2\/users\/2"}],"replies":[{"embeddable":true,"href":"https:\/\/bcaconsulting.org\/index.php\/wp-json\/wp\/v2\/comments?post=41"}],"version-history":[{"count":37,"href":"https:\/\/bcaconsulting.org\/index.php\/wp-json\/wp\/v2\/pages\/41\/revisions"}],"predecessor-version":[{"id":1807,"href":"https:\/\/bcaconsulting.org\/index.php\/wp-json\/wp\/v2\/pages\/41\/revisions\/1807"}],"wp:attachment":[{"href":"https:\/\/bcaconsulting.org\/index.php\/wp-json\/wp\/v2\/media?parent=41"}],"curies":[{"name":"wp","href":"https:\/\/api.w.org\/{rel}","templated":true}]}}