{"id":1068,"date":"2022-04-11T18:53:50","date_gmt":"2022-04-11T18:53:50","guid":{"rendered":"https:\/\/bcaconsulting.org\/?page_id=1068"},"modified":"2022-04-11T19:57:56","modified_gmt":"2022-04-11T19:57:56","slug":"notre-plan-quinquennal-2022-2027","status":"publish","type":"page","link":"https:\/\/bcaconsulting.org\/index.php\/notre-plan-quinquennal-2022-2027\/","title":{"rendered":"Plan Quinquennal"},"content":{"rendered":"\t\t<div data-elementor-type=\"wp-page\" data-elementor-id=\"1068\" class=\"elementor elementor-1068\">\n\t\t\t\t\t\t<section class=\"elementor-section elementor-top-section elementor-element elementor-element-7a913490 elementor-reverse-tablet elementor-section-boxed elementor-section-height-default elementor-section-height-default\" data-id=\"7a913490\" data-element_type=\"section\" data-settings=\"{&quot;background_background&quot;:&quot;classic&quot;}\">\n\t\t\t\t\t\t<div class=\"elementor-container elementor-column-gap-default\">\n\t\t\t\t\t<div class=\"elementor-column elementor-col-100 elementor-top-column elementor-element elementor-element-33c125f6\" data-id=\"33c125f6\" data-element_type=\"column\">\n\t\t\t<div class=\"elementor-widget-wrap elementor-element-populated\">\n\t\t\t\t\t\t<div class=\"elementor-element elementor-element-79844e39 elementor-invisible elementor-widget elementor-widget-text-editor\" data-id=\"79844e39\" data-element_type=\"widget\" data-settings=\"{&quot;_animation&quot;:&quot;fadeIn&quot;,&quot;_animation_delay&quot;:200}\" data-widget_type=\"text-editor.default\">\n\t\t\t\t<div class=\"elementor-widget-container\">\n\t\t\t<style>\/*! elementor - v3.21.0 - 26-05-2024 *\/\n.elementor-widget-text-editor.elementor-drop-cap-view-stacked .elementor-drop-cap{background-color:#69727d;color:#fff}.elementor-widget-text-editor.elementor-drop-cap-view-framed .elementor-drop-cap{color:#69727d;border:3px solid;background-color:transparent}.elementor-widget-text-editor:not(.elementor-drop-cap-view-default) .elementor-drop-cap{margin-top:8px}.elementor-widget-text-editor:not(.elementor-drop-cap-view-default) .elementor-drop-cap-letter{width:1em;height:1em}.elementor-widget-text-editor .elementor-drop-cap{float:left;text-align:center;line-height:1;font-size:50px}.elementor-widget-text-editor .elementor-drop-cap-letter{display:inline-block}<\/style>\t\t\t\t<p>Notre plan quinquennal 2022-2027, porte sur nos perspectives, nos prospectives, nos engagements sur la cr\u00e9ation et le d\u00e9veloppement des affaires, sur quatre axes de nos\u00a0 projets phares, de d\u00e9veloppement et de\u00a0 promotion de la m\u00e9decine traditionnelle africaine, de l'agro-business et des terres agricoles, des nouvelles technologies, d'innovation, de recherche et de formation, de mise en<span style=\"font-style: inherit; font-weight: inherit; letter-spacing: 0.2px;\">\u00a0<\/span><span style=\"letter-spacing: 0.2px;\">\u0153uvre\u00a0<\/span><span style=\"font-style: inherit; font-weight: inherit; letter-spacing: 0.2px;\">\u00a0d'une cha\u00eene de restaurant rapide au service des grandes \u00e9coles et des universit\u00e9s africaines<\/span><\/p>\t\t\t\t\t\t<\/div>\n\t\t\t\t<\/div>\n\t\t\t\t\t<\/div>\n\t\t<\/div>\n\t\t\t\t\t<\/div>\n\t\t<\/section>\n\t\t\t\t<section class=\"elementor-section elementor-top-section elementor-element elementor-element-c29efc8 elementor-section-boxed elementor-section-height-default elementor-section-height-default\" data-id=\"c29efc8\" data-element_type=\"section\">\n\t\t\t\t\t\t<div class=\"elementor-container elementor-column-gap-default\">\n\t\t\t\t\t<div class=\"elementor-column elementor-col-50 elementor-top-column elementor-element elementor-element-a04c6e1\" data-id=\"a04c6e1\" data-element_type=\"column\" data-settings=\"{&quot;background_background&quot;:&quot;classic&quot;}\">\n\t\t\t<div class=\"elementor-widget-wrap elementor-element-populated\">\n\t\t\t\t\t\t<div class=\"elementor-element elementor-element-caa5341 elementor-widget elementor-widget-heading\" data-id=\"caa5341\" data-element_type=\"widget\" data-widget_type=\"heading.default\">\n\t\t\t\t<div class=\"elementor-widget-container\">\n\t\t\t<style>\/*! elementor - v3.21.0 - 26-05-2024 *\/\n.elementor-heading-title{padding:0;margin:0;line-height:1}.elementor-widget-heading .elementor-heading-title[class*=elementor-size-]>a{color:inherit;font-size:inherit;line-height:inherit}.elementor-widget-heading .elementor-heading-title.elementor-size-small{font-size:15px}.elementor-widget-heading .elementor-heading-title.elementor-size-medium{font-size:19px}.elementor-widget-heading .elementor-heading-title.elementor-size-large{font-size:29px}.elementor-widget-heading .elementor-heading-title.elementor-size-xl{font-size:39px}.elementor-widget-heading .elementor-heading-title.elementor-size-xxl{font-size:59px}<\/style><h3 class=\"elementor-heading-title elementor-size-default\">Projet meDtrad+<\/h3>\t\t<\/div>\n\t\t\t\t<\/div>\n\t\t\t\t<div class=\"elementor-element elementor-element-8f09704 elementor-widget-divider--view-line elementor-widget elementor-widget-divider\" data-id=\"8f09704\" data-element_type=\"widget\" data-widget_type=\"divider.default\">\n\t\t\t\t<div class=\"elementor-widget-container\">\n\t\t\t<style>\/*! elementor - v3.21.0 - 26-05-2024 *\/\n.elementor-widget-divider{--divider-border-style:none;--divider-border-width:1px;--divider-color:#0c0d0e;--divider-icon-size:20px;--divider-element-spacing:10px;--divider-pattern-height:24px;--divider-pattern-size:20px;--divider-pattern-url:none;--divider-pattern-repeat:repeat-x}.elementor-widget-divider .elementor-divider{display:flex}.elementor-widget-divider .elementor-divider__text{font-size:15px;line-height:1;max-width:95%}.elementor-widget-divider .elementor-divider__element{margin:0 var(--divider-element-spacing);flex-shrink:0}.elementor-widget-divider .elementor-icon{font-size:var(--divider-icon-size)}.elementor-widget-divider .elementor-divider-separator{display:flex;margin:0;direction:ltr}.elementor-widget-divider--view-line_icon .elementor-divider-separator,.elementor-widget-divider--view-line_text .elementor-divider-separator{align-items:center}.elementor-widget-divider--view-line_icon .elementor-divider-separator:after,.elementor-widget-divider--view-line_icon .elementor-divider-separator:before,.elementor-widget-divider--view-line_text .elementor-divider-separator:after,.elementor-widget-divider--view-line_text .elementor-divider-separator:before{display:block;content:\"\";border-block-end:0;flex-grow:1;border-block-start:var(--divider-border-width) var(--divider-border-style) var(--divider-color)}.elementor-widget-divider--element-align-left .elementor-divider .elementor-divider-separator>.elementor-divider__svg:first-of-type{flex-grow:0;flex-shrink:100}.elementor-widget-divider--element-align-left .elementor-divider-separator:before{content:none}.elementor-widget-divider--element-align-left .elementor-divider__element{margin-left:0}.elementor-widget-divider--element-align-right .elementor-divider .elementor-divider-separator>.elementor-divider__svg:last-of-type{flex-grow:0;flex-shrink:100}.elementor-widget-divider--element-align-right .elementor-divider-separator:after{content:none}.elementor-widget-divider--element-align-right .elementor-divider__element{margin-right:0}.elementor-widget-divider--element-align-start .elementor-divider .elementor-divider-separator>.elementor-divider__svg:first-of-type{flex-grow:0;flex-shrink:100}.elementor-widget-divider--element-align-start .elementor-divider-separator:before{content:none}.elementor-widget-divider--element-align-start .elementor-divider__element{margin-inline-start:0}.elementor-widget-divider--element-align-end .elementor-divider .elementor-divider-separator>.elementor-divider__svg:last-of-type{flex-grow:0;flex-shrink:100}.elementor-widget-divider--element-align-end .elementor-divider-separator:after{content:none}.elementor-widget-divider--element-align-end .elementor-divider__element{margin-inline-end:0}.elementor-widget-divider:not(.elementor-widget-divider--view-line_text):not(.elementor-widget-divider--view-line_icon) .elementor-divider-separator{border-block-start:var(--divider-border-width) var(--divider-border-style) var(--divider-color)}.elementor-widget-divider--separator-type-pattern{--divider-border-style:none}.elementor-widget-divider--separator-type-pattern.elementor-widget-divider--view-line .elementor-divider-separator,.elementor-widget-divider--separator-type-pattern:not(.elementor-widget-divider--view-line) .elementor-divider-separator:after,.elementor-widget-divider--separator-type-pattern:not(.elementor-widget-divider--view-line) .elementor-divider-separator:before,.elementor-widget-divider--separator-type-pattern:not([class*=elementor-widget-divider--view]) .elementor-divider-separator{width:100%;min-height:var(--divider-pattern-height);-webkit-mask-size:var(--divider-pattern-size) 100%;mask-size:var(--divider-pattern-size) 100%;-webkit-mask-repeat:var(--divider-pattern-repeat);mask-repeat:var(--divider-pattern-repeat);background-color:var(--divider-color);-webkit-mask-image:var(--divider-pattern-url);mask-image:var(--divider-pattern-url)}.elementor-widget-divider--no-spacing{--divider-pattern-size:auto}.elementor-widget-divider--bg-round{--divider-pattern-repeat:round}.rtl .elementor-widget-divider .elementor-divider__text{direction:rtl}.e-con-inner>.elementor-widget-divider,.e-con>.elementor-widget-divider{width:var(--container-widget-width,100%);--flex-grow:var(--container-widget-flex-grow)}<\/style>\t\t<div class=\"elementor-divider\">\n\t\t\t<span class=\"elementor-divider-separator\">\n\t\t\t\t\t\t<\/span>\n\t\t<\/div>\n\t\t\t\t<\/div>\n\t\t\t\t<\/div>\n\t\t\t\t<div class=\"elementor-element elementor-element-1d95dd8 elementor-widget elementor-widget-text-editor\" data-id=\"1d95dd8\" data-element_type=\"widget\" data-widget_type=\"text-editor.default\">\n\t\t\t\t<div class=\"elementor-widget-container\">\n\t\t\t\t\t\t\t<p>Transformation en mod\u00e8le \u00e9conomique de la proposition du cabinet COLLINS RAY &amp; PARTNERS<\/p><p>Projet de D\u00e9veloppement de la <strong>MED<\/strong>ecine<strong>TRAD<\/strong>itionnelle Africaine \u00e0 moyen terme en partenariat avec la Banque Africaine de D\u00e9veloppement (BAD)<\/p><p>\u00a0<\/p>\t\t\t\t\t\t<\/div>\n\t\t\t\t<\/div>\n\t\t\t\t\t<\/div>\n\t\t<\/div>\n\t\t\t\t<div class=\"elementor-column elementor-col-50 elementor-top-column elementor-element elementor-element-79eb5b2\" data-id=\"79eb5b2\" data-element_type=\"column\" data-settings=\"{&quot;background_background&quot;:&quot;classic&quot;}\">\n\t\t\t<div class=\"elementor-widget-wrap elementor-element-populated\">\n\t\t\t\t\t\t<div class=\"elementor-element elementor-element-81596c1 elementor-widget elementor-widget-heading\" data-id=\"81596c1\" data-element_type=\"widget\" data-widget_type=\"heading.default\">\n\t\t\t\t<div class=\"elementor-widget-container\">\n\t\t\t<h3 class=\"elementor-heading-title elementor-size-default\">PROJET CHA\u00ceNE DE RESTAURATION RAPIDE<\/h3>\t\t<\/div>\n\t\t\t\t<\/div>\n\t\t\t\t<div class=\"elementor-element elementor-element-47eb357 elementor-widget-divider--view-line elementor-widget elementor-widget-divider\" data-id=\"47eb357\" data-element_type=\"widget\" data-widget_type=\"divider.default\">\n\t\t\t\t<div class=\"elementor-widget-container\">\n\t\t\t\t\t<div class=\"elementor-divider\">\n\t\t\t<span class=\"elementor-divider-separator\">\n\t\t\t\t\t\t<\/span>\n\t\t<\/div>\n\t\t\t\t<\/div>\n\t\t\t\t<\/div>\n\t\t\t\t<div class=\"elementor-element elementor-element-5c0a5f3 elementor-widget elementor-widget-text-editor\" data-id=\"5c0a5f3\" data-element_type=\"widget\" data-widget_type=\"text-editor.default\">\n\t\t\t\t<div class=\"elementor-widget-container\">\n\t\t\t\t\t\t\t<p>Projet Cr\u00e9ation d'une cha\u00eene de restauration rapide au service des grandes \u00e9coles et universit\u00e9s en Afrique<\/p><p>Projet pilote \u00e0 Douala Cameroun dans le domaine universitaire de l'Institut Universitaire du Golfe de Guin\u00e9e (IUG)<\/p><p>\u00a0<\/p>\t\t\t\t\t\t<\/div>\n\t\t\t\t<\/div>\n\t\t\t\t\t<\/div>\n\t\t<\/div>\n\t\t\t\t\t<\/div>\n\t\t<\/section>\n\t\t\t\t<section class=\"elementor-section elementor-top-section elementor-element elementor-element-36d1ac9 elementor-section-boxed elementor-section-height-default elementor-section-height-default\" data-id=\"36d1ac9\" data-element_type=\"section\">\n\t\t\t\t\t\t<div class=\"elementor-container elementor-column-gap-default\">\n\t\t\t\t\t<div class=\"elementor-column elementor-col-50 elementor-top-column elementor-element elementor-element-6b7332f\" data-id=\"6b7332f\" data-element_type=\"column\" data-settings=\"{&quot;background_background&quot;:&quot;classic&quot;}\">\n\t\t\t<div class=\"elementor-widget-wrap elementor-element-populated\">\n\t\t\t\t\t\t<div class=\"elementor-element elementor-element-d8e0270 elementor-widget elementor-widget-heading\" data-id=\"d8e0270\" data-element_type=\"widget\" data-widget_type=\"heading.default\">\n\t\t\t\t<div class=\"elementor-widget-container\">\n\t\t\t<h3 class=\"elementor-heading-title elementor-size-default\">Projet AGRO-BUSINESS<\/h3>\t\t<\/div>\n\t\t\t\t<\/div>\n\t\t\t\t<div class=\"elementor-element elementor-element-660795a elementor-widget-divider--view-line elementor-widget elementor-widget-divider\" data-id=\"660795a\" data-element_type=\"widget\" data-widget_type=\"divider.default\">\n\t\t\t\t<div class=\"elementor-widget-container\">\n\t\t\t\t\t<div class=\"elementor-divider\">\n\t\t\t<span class=\"elementor-divider-separator\">\n\t\t\t\t\t\t<\/span>\n\t\t<\/div>\n\t\t\t\t<\/div>\n\t\t\t\t<\/div>\n\t\t\t\t<div class=\"elementor-element elementor-element-7a30238 elementor-widget elementor-widget-text-editor\" data-id=\"7a30238\" data-element_type=\"widget\" data-widget_type=\"text-editor.default\">\n\t\t\t\t<div class=\"elementor-widget-container\">\n\t\t\t\t\t\t\t<p>Projet de valorisation des terres agricoles\u00a0 rurales en Afrique, pour la production industrielle de produits vivriers (Palmeraies , H\u00e9v\u00e9a, Tomates, Maniocs, Bananes et compagnies)<\/p><p>Etude relative \u00e0 la r\u00e9alisation et de la mise en place d\u2019une bourse \u00e9lectronique sous r\u00e9gionale\u00a0 de produits vivriers \u2013 cas du March\u00e9 de Gros \u00e0 identifier \u00e0 Douala ou autre localit\u00e9 au Cameroun\u00a0<\/p>\t\t\t\t\t\t<\/div>\n\t\t\t\t<\/div>\n\t\t\t\t\t<\/div>\n\t\t<\/div>\n\t\t\t\t<div class=\"elementor-column elementor-col-50 elementor-top-column elementor-element elementor-element-3bb8624\" data-id=\"3bb8624\" data-element_type=\"column\" data-settings=\"{&quot;background_background&quot;:&quot;classic&quot;}\">\n\t\t\t<div class=\"elementor-widget-wrap elementor-element-populated\">\n\t\t\t\t\t\t<div class=\"elementor-element elementor-element-7bc6fa7 elementor-widget elementor-widget-heading\" data-id=\"7bc6fa7\" data-element_type=\"widget\" data-widget_type=\"heading.default\">\n\t\t\t\t<div class=\"elementor-widget-container\">\n\t\t\t<h3 class=\"elementor-heading-title elementor-size-default\">PROJET RECHERCHE, INNOVATION, formation et nouvelles technologies<\/h3>\t\t<\/div>\n\t\t\t\t<\/div>\n\t\t\t\t<div class=\"elementor-element elementor-element-27dbe0c elementor-widget-divider--view-line elementor-widget elementor-widget-divider\" data-id=\"27dbe0c\" data-element_type=\"widget\" data-widget_type=\"divider.default\">\n\t\t\t\t<div class=\"elementor-widget-container\">\n\t\t\t\t\t<div class=\"elementor-divider\">\n\t\t\t<span class=\"elementor-divider-separator\">\n\t\t\t\t\t\t<\/span>\n\t\t<\/div>\n\t\t\t\t<\/div>\n\t\t\t\t<\/div>\n\t\t\t\t<div class=\"elementor-element elementor-element-4f1b242 elementor-widget elementor-widget-text-editor\" data-id=\"4f1b242\" data-element_type=\"widget\" data-widget_type=\"text-editor.default\">\n\t\t\t\t<div class=\"elementor-widget-container\">\n\t\t\t\t\t\t\t<p>Reprise du projet SOUTH WEB\/TOILE-SUD, la fracture num\u00e9rique (projet COLLINS RAY)<\/p><p>COLLINS RAY Organisation apolitique partenaire , non lucrative qui a pour objectifs\u00a0:\u00a0De favoriser et De promouvoir l\u2019outil INTERNET ET LES NOUVELLES TECHNOLOGIES DE L\u2019INFORMATION ET DE LA COMMUNICATION sur le continent africain \u00e0 travers des activit\u00e9s d\u2019\u00e9ducation, de recherches, de coop\u00e9ration internationale, de coop\u00e9ration sous r\u00e9gionale avec actions concert\u00e9es, de commerce et d\u2019investissements, de culture, de d\u00e9couverte et de bien-\u00eatre social.<\/p><p>Reprise du projet du Centre de Formation et de Certification dans le domaine des R\u00e9seaux et S\u00e9curit\u00e9 Informatiques (projet COLLINS RAY)\u00a0<\/p><p>Il s\u2019agit d\u2019un Projet de Formation et de Certification sur les \u00e9quipements mat\u00e9riels et logiciels de r\u00e9seaux et de s\u00e9curit\u00e9 informatiques des quatre (4) principaux constructeurs\/\u00e9diteurs\u00a0: CISCO, Juniper, Fortinet et Microsoft<\/p><p>Les formations sont d\u00e9taill\u00e9es dans les documents\/catalogues suivants\u00a0: Colins RAY CABINET.docx et PRESENTATION Formatons COLLINSII.doc (propri\u00e9t\u00e9 du cabinet)<\/p><p>Ces formations sp\u00e9cialis\u00e9es sur des produits de constructeurs internationaux tels que ceux mentionn\u00e9s pr\u00e9c\u00e9demment sont rares sur le march\u00e9 national. Aussi, les certifications autour d\u2019un produit d\u2019un constructeur mondialement reconnu sont aujourd\u2019hui tr\u00e8s pris\u00e9es dans les entreprises. Ce sont ces deux cr\u00e9neaux que le projet d\u00e9sire exploiter.<\/p><p>\u00a0<\/p><p>D\u00e9veloppement de sites WEB responsifs avec les outils de derni\u00e8re g\u00e9n\u00e9ration (CMS et autres). (propri\u00e9t\u00e9 BCA Consulting<\/p><p>Mise \u00e0 disposition aux entreprises des services PAKS suivants\u00a0: Cr\u00e9ation de noms de Domaines, de pages, de vitrines, de catalogues, et de sites sur mesures<\/p><p>Ces outils de gestion de contenus assurent la convergence r\u00e9seaux et m\u00e9dias (Internet, PC, mobile, tablette et autres).<\/p><p>\u00a0<\/p><p>\u00a0<\/p>\t\t\t\t\t\t<\/div>\n\t\t\t\t<\/div>\n\t\t\t\t\t<\/div>\n\t\t<\/div>\n\t\t\t\t\t<\/div>\n\t\t<\/section>\n\t\t\t\t<\/div>\n\t\t","protected":false},"excerpt":{"rendered":"<p>Notre plan quinquennal 2022-2027, porte sur nos perspectives, nos prospectives, nos engagements sur la cr\u00e9ation et le d\u00e9veloppement des affaires, sur quatre axes de nos\u00a0 projets phares, de d\u00e9veloppement et de\u00a0 promotion de la m\u00e9decine traditionnelle africaine, de l'agro-business et des terres agricoles, des nouvelles technologies, d'innovation, de recherche et de formation, de mise en\u00a0\u0153uvre\u00a0\u00a0d'une [&hellip;]<\/p>\n","protected":false},"author":1,"featured_media":0,"parent":0,"menu_order":0,"comment_status":"closed","ping_status":"closed","template":"","meta":{"om_disable_all_campaigns":false,"_monsterinsights_skip_tracking":false,"_monsterinsights_sitenote_active":false,"_monsterinsights_sitenote_note":"","_monsterinsights_sitenote_category":0,"site-sidebar-layout":"no-sidebar","site-content-layout":"page-builder","ast-site-content-layout":"","site-content-style":"default","site-sidebar-style":"default","ast-global-header-display":"","ast-banner-title-visibility":"","ast-main-header-display":"","ast-hfb-above-header-display":"","ast-hfb-below-header-display":"","ast-hfb-mobile-header-display":"","site-post-title":"disabled","ast-breadcrumbs-content":"","ast-featured-img":"disabled","footer-sml-layout":"","theme-transparent-header-meta":"default","adv-header-id-meta":"","stick-header-meta":"","header-above-stick-meta":"","header-main-stick-meta":"","header-below-stick-meta":"","astra-migrate-meta-layouts":"default","ast-page-background-enabled":"default","ast-page-background-meta":{"desktop":{"background-color":"","background-image":"","background-repeat":"repeat","background-position":"center center","background-size":"auto","background-attachment":"scroll","background-type":"","background-media":"","overlay-type":"","overlay-color":"","overlay-opacity":"","overlay-gradient":""},"tablet":{"background-color":"","background-image":"","background-repeat":"repeat","background-position":"center center","background-size":"auto","background-attachment":"scroll","background-type":"","background-media":"","overlay-type":"","overlay-color":"","overlay-opacity":"","overlay-gradient":""},"mobile":{"background-color":"","background-image":"","background-repeat":"repeat","background-position":"center center","background-size":"auto","background-attachment":"scroll","background-type":"","background-media":"","overlay-type":"","overlay-color":"","overlay-opacity":"","overlay-gradient":""}},"ast-content-background-meta":{"desktop":{"background-color":"var(--ast-global-color-5)","background-image":"","background-repeat":"repeat","background-position":"center center","background-size":"auto","background-attachment":"scroll","background-type":"","background-media":"","overlay-type":"","overlay-color":"","overlay-opacity":"","overlay-gradient":""},"tablet":{"background-color":"var(--ast-global-color-5)","background-image":"","background-repeat":"repeat","background-position":"center center","background-size":"auto","background-attachment":"scroll","background-type":"","background-media":"","overlay-type":"","overlay-color":"","overlay-opacity":"","overlay-gradient":""},"mobile":{"background-color":"var(--ast-global-color-5)","background-image":"","background-repeat":"repeat","background-position":"center center","background-size":"auto","background-attachment":"scroll","background-type":"","background-media":"","overlay-type":"","overlay-color":"","overlay-opacity":"","overlay-gradient":""}},"_joinchat":[],"footnotes":""},"class_list":["post-1068","page","type-page","status-publish","hentry"],"aioseo_notices":[],"_links":{"self":[{"href":"https:\/\/bcaconsulting.org\/index.php\/wp-json\/wp\/v2\/pages\/1068","targetHints":{"allow":["GET"]}}],"collection":[{"href":"https:\/\/bcaconsulting.org\/index.php\/wp-json\/wp\/v2\/pages"}],"about":[{"href":"https:\/\/bcaconsulting.org\/index.php\/wp-json\/wp\/v2\/types\/page"}],"author":[{"embeddable":true,"href":"https:\/\/bcaconsulting.org\/index.php\/wp-json\/wp\/v2\/users\/1"}],"replies":[{"embeddable":true,"href":"https:\/\/bcaconsulting.org\/index.php\/wp-json\/wp\/v2\/comments?post=1068"}],"version-history":[{"count":14,"href":"https:\/\/bcaconsulting.org\/index.php\/wp-json\/wp\/v2\/pages\/1068\/revisions"}],"predecessor-version":[{"id":1103,"href":"https:\/\/bcaconsulting.org\/index.php\/wp-json\/wp\/v2\/pages\/1068\/revisions\/1103"}],"wp:attachment":[{"href":"https:\/\/bcaconsulting.org\/index.php\/wp-json\/wp\/v2\/media?parent=1068"}],"curies":[{"name":"wp","href":"https:\/\/api.w.org\/{rel}","templated":true}]}}